{"id":155,"date":"2023-03-30T23:21:53","date_gmt":"2023-03-30T23:21:53","guid":{"rendered":"https:\/\/ioles.org\/mo-dau\/"},"modified":"2024-12-02T04:56:11","modified_gmt":"2024-12-02T04:56:11","slug":"mo-dau","status":"publish","type":"page","link":"https:\/\/ioles.org\/vi\/","title":{"rendered":"M\u1edf \u0110\u1ea7u"},"content":{"rendered":"<p><div class=\"fusion-fullwidth fullwidth-box fusion-builder-row-1 fusion-flex-container has-pattern-background has-mask-background home1 nonhundred-percent-fullwidth non-hundred-percent-height-scrolling\" style=\"--awb-border-radius-top-left:0px;--awb-border-radius-top-right:0px;--awb-border-radius-bottom-right:0px;--awb-border-radius-bottom-left:0px;\" ><div class=\"fusion-builder-row fusion-row fusion-flex-align-items-center fusion-flex-justify-content-center\" style=\"max-width:1040px;margin-left: calc(-4% \/ 2 );margin-right: calc(-4% \/ 2 );\"><div class=\"fusion-layout-column fusion_builder_column fusion-builder-column-0 fusion_builder_column_1_1 1_1 fusion-flex-column\" style=\"--awb-bg-image:url(&#039;https:\/\/ioles.org\/wp-content\/uploads\/2023\/04\/home1-bg.png&#039;);--awb-bg-position:center top;--awb-bg-size:cover;--awb-width-large:100%;--awb-margin-top-large:0px;--awb-spacing-right-large:1.92%;--awb-margin-bottom-large:20px;--awb-spacing-left-large:1.92%;--awb-width-medium:100%;--awb-order-medium:0;--awb-spacing-right-medium:1.92%;--awb-spacing-left-medium:1.92%;--awb-width-small:100%;--awb-order-small:0;--awb-spacing-right-small:1.92%;--awb-spacing-left-small:1.92%;\"><div class=\"fusion-column-wrapper fusion-column-has-shadow fusion-flex-justify-content-flex-start fusion-content-layout-column fusion-empty-column-bg-image\" data-bg-url=\"https:\/\/ioles.org\/wp-content\/uploads\/2023\/04\/home1-bg.png\"><img decoding=\"async\" class=\"fusion-empty-dims-img-placeholder\" src=\"data:image\/svg+xml,%3Csvg%20xmlns%3D%27http%3A%2F%2Fwww.w3.org%2F2000%2Fsvg%27%20width%3D%271365%27%20height%3D%27894%27%20viewBox%3D%270%200%201365%20894%27%3E%3Crect%20width%3D%271365%27%20height%3D%27894%27%20fill-opacity%3D%220%22%2F%3E%3C%2Fsvg%3E\"><\/div><\/div><\/div><\/div><div class=\"fusion-fullwidth fullwidth-box fusion-builder-row-2 fusion-flex-container has-pattern-background has-mask-background fusion-parallax-none home2 nonhundred-percent-fullwidth non-hundred-percent-height-scrolling\" style=\"--awb-border-radius-top-left:0px;--awb-border-radius-top-right:0px;--awb-border-radius-bottom-right:0px;--awb-border-radius-bottom-left:0px;--awb-background-image:url(&quot;https:\/\/ioles.org\/wp-content\/uploads\/2023\/04\/home3-bg.png&quot;);--awb-background-size:cover;\" ><div class=\"fusion-builder-row fusion-row fusion-flex-align-items-flex-start fusion-flex-justify-content-center\" style=\"max-width:1040px;margin-left: calc(-4% \/ 2 );margin-right: calc(-4% \/ 2 );\"><div class=\"fusion-layout-column fusion_builder_column fusion-builder-column-1 fusion_builder_column_1_1 1_1 fusion-flex-column\" style=\"--awb-bg-size:cover;--awb-width-large:100%;--awb-margin-top-large:0px;--awb-spacing-right-large:1.92%;--awb-margin-bottom-large:20px;--awb-spacing-left-large:1.92%;--awb-width-medium:100%;--awb-order-medium:0;--awb-spacing-right-medium:1.92%;--awb-spacing-left-medium:1.92%;--awb-width-small:100%;--awb-order-small:0;--awb-spacing-right-small:1.92%;--awb-spacing-left-small:1.92%;\"><div class=\"fusion-column-wrapper fusion-column-has-shadow fusion-flex-justify-content-flex-start fusion-content-layout-column\"><div class=\"fusion-text fusion-text-1 home-title\" style=\"--awb-content-alignment:center;\"><p>\u0110\u1ed1 V\u1edbi<br \/>\nCh\u00fang T\u00f4i<\/p>\n<\/div><\/div><\/div><div class=\"fusion-layout-column fusion_builder_column fusion-builder-column-2 fusion_builder_column_1_1 1_1 fusion-flex-column\" style=\"--awb-bg-size:cover;--awb-width-large:100%;--awb-margin-top-large:0px;--awb-spacing-right-large:1.92%;--awb-margin-bottom-large:20px;--awb-spacing-left-large:1.92%;--awb-width-medium:100%;--awb-order-medium:0;--awb-spacing-right-medium:1.92%;--awb-spacing-left-medium:1.92%;--awb-width-small:100%;--awb-order-small:0;--awb-spacing-right-small:1.92%;--awb-spacing-left-small:1.92%;\"><div class=\"fusion-column-wrapper fusion-column-has-shadow fusion-flex-justify-content-flex-start fusion-content-layout-column\"><div class=\"fusion-text fusion-text-2 home2-text\" style=\"--awb-content-alignment:center;\"><p>Da Da Ph\u00e1p M\u00f4n l\u00e0 m\u1ed9t t\u1ed5 ch\u1ee9c b\u1ea5t v\u1ee5 l\u1ee3i, \u0111\u01b0\u1ee3c th\u00e0nh l\u1eadp v\u00e0o ng\u00e0y 15 th\u00e1ng 9 n\u0103m 2013.<\/p>\n<\/div><div class=\"fusion-text fusion-text-3 home2-text\" style=\"--awb-content-alignment:center;\"><p>Ph\u00e1p m\u00f4n t\u1eebng n\u1ed5 l\u1ef1c th\u00fac \u0111\u1ea9y c\u00e1c b\u00e0i t\u1eadp ch\u00e1nh ni\u1ec7m, m\u1ed9t t\u1eadp h\u1ee3p c\u00e1c b\u00e0i t\u1eadp ng\u1ed3i thi\u1ec1n \u0111\u1ec3 \u0111\u01b0a c\u01a1 th\u1ec3 v\u00e0 t\u00e2m tr\u00ed tr\u1edf l\u1ea1i b\u00ecnh t\u0129nh, gi\u00e1c ng\u1ed9 v\u00e0 ph\u00e1t tri\u1ec3n ti\u1ec1m n\u0103ng tr\u00ed tu\u1ec7 b\u00ean trong.<\/p>\n<\/div><div class=\"fusion-text fusion-text-4 home2-text\" style=\"--awb-content-alignment:center;\"><p>K\u1ec3 t\u1eeb khi th\u00e0nh l\u1eadp, ch\u00fang t\u00f4i \u0111\u00e3 cung c\u1ea5p c\u00e1c kh\u00f3a th\u1ef1c h\u00e0nh ch\u00e1nh ni\u1ec7m, thi\u1ec1n l\u00e0 m\u1ed9t ph\u01b0\u01a1ng ph\u00e1p gi\u1eef g\u00ecn s\u1ee9c kh\u1ecfe v\u00e0 r\u00e8n luy\u1ec7n s\u1ee9c kh\u1ecfe, ph\u1ed1i h\u1ee3p v\u1edbi h\u01a1i th\u1edf \u0111\u1ec3 t\u1eadp trung ch\u00fa \u00fd v\u00e0 c\u1ed9ng h\u01b0\u1edfng \u0111\u1ec3 l\u1ecdc ra s\u1ef1 c\u0103ng b\u1eb1ng (qu\u00e2n b\u00ecnh) c\u1ee7a th\u00e2n v\u00e0 t\u00e2m th\u1ef1c h\u00e0nh h\u00e0ng ng\u00e0y gi\u00fap lo\u1ea1i b\u1ecf c\u0103ng th\u1eb3ng, lo l\u1eafng, tr\u1ea7m c\u1ea3m, gi\u00e3m \u0111au v\u00e0 vi\u00eam, c\u1ea3i thi\u1ec7n kh\u1ea3 n\u0103ng t\u1ef1 nh\u1eadn th\u1ee9c v\u00e0 t\u00ednh ki\u00ean nh\u1eabn, t\u0103ng c\u01b0\u1eddng h\u1ec7 th\u1ed1ng mi\u1ec5n d\u1ecbch, c\u1ea3i thi\u1ec7n ch\u1ea5t l\u01b0\u1ee3ng gi\u1ea5c ng\u1ee7 v.v&#8230;<\/p>\n<\/div><div class=\"fusion-text fusion-text-5 home2-text\" style=\"--awb-content-alignment:center;\"><p>T\u1ea1i Da Da Ph\u00e1p M\u00f4n, ch\u00fang t\u00f4i mong r\u1eb1ng m\u1ecdi ng\u01b0\u1eddi \u0111\u1ec1u c\u00f3 s\u1ee9c kh\u1ecfe d\u1ed3i d\u00e0o v\u00e0 s\u1ed1ng h\u1ebft m\u00ecnh v\u00ec Ch\u00e2n Thi\u1ec7n M\u1ef7 c\u1ee7a cu\u1ed9c \u0111\u1eddi ch\u00fang ta h\u00e3y c\u00f9ng nhau ng\u1ed3i thi\u1ec1n nh\u00e9!<\/p>\n<\/div><\/div><\/div><div class=\"fusion-layout-column fusion_builder_column fusion-builder-column-3 fusion_builder_column_2_3 2_3 fusion-flex-column home2-p1\" style=\"--awb-bg-position:center top;--awb-bg-size:cover;--awb-width-large:66.666666666667%;--awb-margin-top-large:0px;--awb-spacing-right-large:2.88%;--awb-margin-bottom-large:20px;--awb-spacing-left-large:2.88%;--awb-width-medium:66.666666666667%;--awb-order-medium:0;--awb-spacing-right-medium:2.88%;--awb-spacing-left-medium:2.88%;--awb-width-small:100%;--awb-order-small:0;--awb-spacing-right-small:1.92%;--awb-spacing-left-small:1.92%;\"><div class=\"fusion-column-wrapper fusion-column-has-shadow fusion-flex-justify-content-flex-start fusion-content-layout-column\"><div class=\"fusion-image-element \" style=\"text-align:center;--awb-liftup-border-radius:0px;--awb-caption-title-size:var(--h2_typography-font-size);--awb-caption-title-transform:var(--h2_typography-text-transform);--awb-caption-title-line-height:var(--h2_typography-line-height);--awb-caption-title-letter-spacing:var(--h2_typography-letter-spacing);\"><div class=\"awb-image-frame awb-image-frame-1 imageframe-liftup\"><span class=\" fusion-imageframe imageframe-none imageframe-1\"><img decoding=\"async\" width=\"932\" height=\"719\" title=\"333\" src=\"https:\/\/ioles.org\/wp-content\/uploads\/2023\/04\/333.png\" alt class=\"img-responsive wp-image-164\" srcset=\"https:\/\/ioles.org\/wp-content\/uploads\/2023\/04\/333-200x154.png 200w, https:\/\/ioles.org\/wp-content\/uploads\/2023\/04\/333-400x309.png 400w, https:\/\/ioles.org\/wp-content\/uploads\/2023\/04\/333-600x463.png 600w, https:\/\/ioles.org\/wp-content\/uploads\/2023\/04\/333-800x617.png 800w, https:\/\/ioles.org\/wp-content\/uploads\/2023\/04\/333.png 932w\" sizes=\"(max-width: 640px) 100vw, 800px\" \/><\/span><\/div><\/div><\/div><\/div><div class=\"fusion-layout-column fusion_builder_column fusion-builder-column-4 fusion_builder_column_1_1 1_1 fusion-flex-column\" style=\"--awb-bg-size:cover;--awb-width-large:100%;--awb-margin-top-large:0px;--awb-spacing-right-large:1.92%;--awb-margin-bottom-large:20px;--awb-spacing-left-large:1.92%;--awb-width-medium:100%;--awb-order-medium:0;--awb-spacing-right-medium:1.92%;--awb-spacing-left-medium:1.92%;--awb-width-small:100%;--awb-order-small:0;--awb-spacing-right-small:1.92%;--awb-spacing-left-small:1.92%;\"><div class=\"fusion-column-wrapper fusion-column-has-shadow fusion-flex-justify-content-flex-start fusion-content-layout-column\"><div class=\"fusion-text fusion-text-6 home2-text\"><p>C\u00e0n kh\u00f4n t\u1ea1o h\u00f3a, \u0111\u1ecbch t\u1ef1 \u1edf thi\u00ean c\u1ea7u ho\u00e0n s\u01b0\u1edbng&#8230; k\u1ebf v\u00e2n ng\u00e3 nh\u00e2n v\u0103n th\u00e0nh t\u1ef1u, m\u1edbi bi\u1ebft gi\u1eefa ho\u00e0n v\u0169: tuy v\u1eady; h\u1eb1ng \u0111\u1ed9ng n\u00e3i t\u0129nh, th\u1eadt s\u1ef1 th\u01b0\u01a1ng h\u1ea3i tang \u0111i\u1ec1n&#8230; trong l\u01b0u tr\u00ecnh th\u01b0\u01a1ng tang chuy\u1ec3n th\u1eeba nh\u1eadn ti\u1ebfp&#8230; t\u1eeb bi\u1ebfn \u0111\u1ed5i ph\u00e1t xu\u1ea5t th\u00e0nh t\u1ef1u v\u1ea1n t\u01b0\u1ee3ng sinh c\u01a1&#8230; c\u0169ng nh\u01b0 b\u1ed1n m\u00f9a, 24 ti\u1ebft kh\u00ed, 12 kinh l\u1ea1c, k\u1ef3 kinh b\u00e1t m\u1ea1ch&#8230; chu di\u00ean c\u00f3 tr\u1eadt t\u1ef1; than th\u1edf c\u0169ng l\u00e0 nh\u00e2n; v\u1ecdng ni\u1ec7m c\u0169ng do ng\u01b0\u1eddi m\u00e0 sinh ra; tham, s\u00e2n v\u00f4 \u0111\u1ed9, ng\u00e0y m\u1ed9t th\u00fac \u0111\u1ea9y sinh th\u00e1i v\u1eadt ch\u1ee7ng&#8230; t\u1ed5n y\u1ec3u \u0111\u1ed9t bi\u1ebfn, cho \u0111\u1ebfn nay c\u00e0ng c\u00f3: m\u1ecdi s\u1ef1 t\u1ef1a nh\u01b0 l\u00e0: b\u00e8n \u1ee9ng kinh t\u1ebf, l\u1ea1i c\u00f2n \u1ef7 l\u1ea1i v\u00e0 g\u1eafn b\u00f3 b\u1edfi khoa h\u1ecdc k\u1ef7 thu\u1eadt, khu\u1ebfch \u0111\u1ea1i qui m\u00f4; theo \u0111u\u1ed5i th\u1ecbnh v\u01b0\u1ee3ng, m\u1edbi l\u00e0 sinh c\u01a1; th\u1eadt s\u1ef1 \u0111\u00f3 m\u1edbi n\u1ea3y sinh ra: th\u1eddi ti\u1ebft thay \u0111\u1ed5i&#8230; sinh th\u00e1i lo\u1ea1n t\u01b0\u1ee3ng x\u1ea3y ra v\u00f4 c\u00f9ng, \u0111\u00f3 l\u00e0 c\u0103n nguy\u00ean c\u1ee7a tai h\u1ecda.<\/p>\n<\/div><div class=\"fusion-text fusion-text-7 home2-text\"><p>Sinh v\u1eadt t\u1eeb v\u1ea1n t\u1ec9 n\u0103m v\u1ec1 \u0111\u00e2y, t\u1eadp sinh t\u1ed3n kinh nghi\u1ec7m&#8230; t\u1eeb sinh l\u00fd n\u1ed9i \u1ee9ng \u0111i\u1ec1u ch\u1ec9nh v\u00e0 \u0111i vu t\u1ed3n tinh m\u00e0 t\u00edch l\u0169y, truy c\u1ea7u kinh nghi\u1ec7m gi\u00e1o hu\u1ea5n c\u1ee7a s\u1ef1 s\u1ed1ng \u1ea5y, th\u1ebf t\u1ea5t c\u01a1 nh\u00e2n m\u00e0 chuy\u1ec3n bi\u1ebfn, d\u1ef1a v\u00e0o b\u1ea3n n\u0103ng t\u1ed3n tr\u1eed c\u1ee7a s\u1ef1 c\u1ea7u sinh&#8230; th\u1ebf th\u00ec nh\u01b0 v\u1eady; lo\u00e0i ng\u01b0\u1eddi t\u1ed3n t\u1ea1i \u1edf tam thi\u00ean \u0111\u1ea1i thi\u00ean th\u1ebf gi\u1edbi; ng\u00f4i nh\u00e0 c\u1ee7a v\u1ea1n t\u01b0\u1ee3ng v\u1eadt ch\u1ee7ng sinh th\u00e1i trong \u0111\u00f3&#8230; nh\u1ea5t l\u00e0 b\u1ed5n n\u0103ng kh\u00e1ng th\u1ec3 ti\u1ec1m t\u00e0ng trong c\u01a1 th\u1ec3; n\u00f3 t\u1ef1 li\u1ec7u t\u1ef1 l\u00e0nh c\u1ee7a c\u01a1 tri\u1ec7u n\u0103ng l\u01b0\u1ee3ng, \u0111\u01b0\u1ee3c coi nh\u01b0 l\u00e0 v\u1eadt ch\u1ee7ng s\u1ed1ng c\u00f2n li\u00ean h\u1ec7 c\u1ee7a ch\u00fang ta&#8230; ti\u1ec1m t\u00e0ng kh\u00e1ng th\u1ec3 v\u00e0 n\u0103ng l\u01b0\u1ee3ng \u0111\u00f3 l\u00e0 kh\u1edfi \u0111\u1ea7u: lu\u00f4n lu\u00f4n t\u01b0\u01a1ng ti\u1ebfp, duy tr\u00ec ng\u00e3 m\u1ec7nh m\u1ea1ch ho\u1ea1t th\u1ee7y khai ph\u00e1t sinh m\u1ec7nh l\u1ef1c, \u0111\u00f3 l\u00e0 ch\u00eca kh\u00f3a c\u1ee7a ngu\u1ed3n s\u1ed1ng.<\/p>\n<\/div><div class=\"fusion-text fusion-text-8 home2-text\"><p>N\u00ean bi\u1ebft: l\u1ea5y tr\u00ed l\u00e0m t\u1eeb m\u00e0 \u1ee9ng th\u1ebf gi\u1ea3, m\u1ed7i khi tr\u1ecdng v\u1ec1 th\u1ef1c ti\u1ec5n th\u00ec d\u1ec5 \u0111\u01b0\u1ee3c ng\u1ed9 gi\u00e1c, th\u1ebf n\u00e0o l\u1ea5y \u0111\u01b0\u1ee3c trong n\u1ed9i \u1ee9ng&#8230; t\u1ee9c l\u00e0 nh\u01b0 tr\u00ean \u0111\u00e3 n\u00f3i: thi\u00ean th\u1ec3 \u0111\u1ea1i v\u0169 tr\u1ee5, nh\u00e2n th\u1ec3 ti\u1ec3u v\u0169 tr\u1ee5, ch\u00e1nh l\u00e0 k\u1ebf ng\u00e3 nh\u00e2n v\u0103n tinh th\u1ea7n n\u0103ng l\u01b0\u1ee3ng, qu\u00e1n ti\u1ebfp th\u00e0nh l\u00e0 &#8220;ni\u1ec7m l\u1ef1c m\u1ea1ch ba&#8221; l\u1ec9nh h\u1ed9i th\u1ea5u th\u1ecb c\u01a1 th\u1ec3 b\u1ed5n nhi\u00ean ti\u1ec1m n\u0103ng, th\u00ec \u0111\u1ec3 \u201ch\u1eefu t\u01b0\u01a1ng v\u1ecb ng\u00f4n ng\u1eef\u201d (t\u1ea1ng ph\u1ee7 c\u00e1c bi\u1ec7t chu t\u01b0\u01a1ng c\u00f4ng n\u0103ng) t\u1ed3n tr\u1eef n\u0103ng l\u01b0\u1ee3ng th\u00f4ng su\u1ed1t nh\u01b0 h\u1ed3 bi\u1ec3n ho\u1ea1t th\u1ee7y, t\u1ee9c t\u00e1c h\u1eefu t\u01b0\u01a1ng v\u1ecb c\u1ee7a c\u1ea3m tri c\u1ea3m t\u01b0\u01a1ng&#8230; m\u00e0 c\u0169ng l\u00e0 v\u00f4 t\u01b0\u01a1ng v\u1ecb h\u00f2a \u0111i\u1ec1u c\u1ee7a ng\u00f4n ng\u1eef, chia ng\u00f2i th\u00f4ng khi\u1ebfu.<\/p>\n<\/div><div class=\"fusion-text fusion-text-9 home2-text\"><p>Y c\u00f3 v\u1ea1n ph\u00e1p, duy \u0111\u1ea1o l\u00e0 s\u00f9ng&#8230; \u0111\u1ea1i \u0111\u1ea1o v\u00f4 \u0111\u1ea1o, duy tinh th\u00e0nh, l\u1ea5y h\u1ed3n nhi\u00ean, b\u1ecf t\u00e2m c\u01a1, m\u1edbi \u0111i vu t\u1ed3n tinh, t\u1ee9c thanh nhi\u00ean t\u1ef1 nh\u00e3 m\u00e0 c\u00f3 t\u00ecnh c\u00f3 t\u1ef1&#8230; mong ni\u1ec7m l\u1ef1c m\u1ea1ch ba, b\u1ed1 th\u00ed t\u1ef1 t\u1ea1i di\u1ebfu t\u1ed1&#8230; cho n\u00ean, ph\u00e0m ng\u00e3 Da Da Ph\u00e1p M\u00f4n, k\u1ebb ch\u1ea5p h\u00e0nh, k\u1ef3 ni\u1ec7m l\u1ef1c b\u1ea3n ch\u1ea5t \u1edf n\u01a1i ban th\u00ed; c\u1edfi m\u1edf, \u0111\u1ea1t quan, th\u00e2n h\u00f2a, t\u1ef1 nhi\u00ean&#8230; c\u0103n c\u1ee9 theo &#8211; t\u1ef1 t\u1ea1i di\u1ebfu t\u1ed1 m\u00e0 l\u00e0m b\u1ed1 th\u00ed, m\u1edbi c\u00f3 v\u00e0 th\u1ee5 th\u00ed sinh ra c\u00e1i c\u1ed9ng \u0111\u1ed3ng: v\u00f4 ng\u0103n c\u00e1ch \u201cv\u00f4 t\u01b0\u01a1ng v\u1ecb ng\u00f4n ng\u1eef\u201d.<\/p>\n<\/div><\/div><\/div><\/div><\/div><div class=\"fusion-fullwidth fullwidth-box fusion-builder-row-3 fusion-flex-container has-pattern-background has-mask-background fusion-parallax-none home3 nonhundred-percent-fullwidth non-hundred-percent-height-scrolling\" style=\"--awb-background-position:center bottom;--awb-border-radius-top-left:0px;--awb-border-radius-top-right:0px;--awb-border-radius-bottom-right:0px;--awb-border-radius-bottom-left:0px;--awb-background-image:url(&quot;https:\/\/ioles.org\/wp-content\/uploads\/2023\/04\/home3-bg-1.png&quot;);--awb-background-size:cover;\" ><div class=\"fusion-builder-row fusion-row fusion-flex-align-items-flex-start fusion-flex-justify-content-center\" style=\"max-width:1040px;margin-left: calc(-4% \/ 2 );margin-right: calc(-4% \/ 2 );\"><div class=\"fusion-layout-column fusion_builder_column fusion-builder-column-5 fusion_builder_column_1_2 1_2 fusion-flex-column\" style=\"--awb-bg-position:center top;--awb-bg-size:cover;--awb-width-large:50%;--awb-margin-top-large:0px;--awb-spacing-right-large:3.84%;--awb-margin-bottom-large:20px;--awb-spacing-left-large:3.84%;--awb-width-medium:50%;--awb-order-medium:0;--awb-spacing-right-medium:3.84%;--awb-spacing-left-medium:3.84%;--awb-width-small:100%;--awb-order-small:0;--awb-spacing-right-small:1.92%;--awb-spacing-left-small:1.92%;\"><div class=\"fusion-column-wrapper fusion-column-has-shadow fusion-flex-justify-content-flex-start fusion-content-layout-column\"><div class=\"fusion-image-element \" style=\"text-align:center;--awb-liftup-border-radius:0px;--awb-caption-title-size:var(--h2_typography-font-size);--awb-caption-title-transform:var(--h2_typography-text-transform);--awb-caption-title-line-height:var(--h2_typography-line-height);--awb-caption-title-letter-spacing:var(--h2_typography-letter-spacing);\"><div class=\"awb-image-frame awb-image-frame-2 imageframe-liftup\"><span class=\" fusion-imageframe imageframe-none imageframe-2\"><img decoding=\"async\" width=\"677\" height=\"665\" title=\"home3\" src=\"https:\/\/ioles.org\/wp-content\/uploads\/2023\/04\/home3-1.png\" alt class=\"img-responsive wp-image-97\" srcset=\"https:\/\/ioles.org\/wp-content\/uploads\/2023\/04\/home3-1-200x196.png 200w, https:\/\/ioles.org\/wp-content\/uploads\/2023\/04\/home3-1-400x393.png 400w, https:\/\/ioles.org\/wp-content\/uploads\/2023\/04\/home3-1-600x589.png 600w, https:\/\/ioles.org\/wp-content\/uploads\/2023\/04\/home3-1.png 677w\" sizes=\"(max-width: 640px) 100vw, 600px\" \/><\/span><\/div><\/div><\/div><\/div><\/div><\/div><\/p>\n","protected":false},"excerpt":{"rendered":"","protected":false},"author":1,"featured_media":0,"parent":0,"menu_order":0,"comment_status":"closed","ping_status":"open","template":"100-width.php","meta":{"footnotes":""},"class_list":["post-155","page","type-page","status-publish","hentry"],"_links":{"self":[{"href":"https:\/\/ioles.org\/vi\/wp-json\/wp\/v2\/pages\/155","targetHints":{"allow":["GET"]}}],"collection":[{"href":"https:\/\/ioles.org\/vi\/wp-json\/wp\/v2\/pages"}],"about":[{"href":"https:\/\/ioles.org\/vi\/wp-json\/wp\/v2\/types\/page"}],"author":[{"embeddable":true,"href":"https:\/\/ioles.org\/vi\/wp-json\/wp\/v2\/users\/1"}],"replies":[{"embeddable":true,"href":"https:\/\/ioles.org\/vi\/wp-json\/wp\/v2\/comments?post=155"}],"version-history":[{"count":13,"href":"https:\/\/ioles.org\/vi\/wp-json\/wp\/v2\/pages\/155\/revisions"}],"predecessor-version":[{"id":695,"href":"https:\/\/ioles.org\/vi\/wp-json\/wp\/v2\/pages\/155\/revisions\/695"}],"wp:attachment":[{"href":"https:\/\/ioles.org\/vi\/wp-json\/wp\/v2\/media?parent=155"}],"curies":[{"name":"wp","href":"https:\/\/api.w.org\/{rel}","templated":true}]}}