{"id":172,"date":"2023-04-02T05:08:22","date_gmt":"2023-04-02T05:08:22","guid":{"rendered":"https:\/\/ioles.org\/do-voi-chung-toi\/"},"modified":"2023-11-29T03:31:55","modified_gmt":"2023-11-29T03:31:55","slug":"do-voi-chung-toi","status":"publish","type":"page","link":"https:\/\/ioles.org\/vi\/do-voi-chung-toi\/","title":{"rendered":"Gi\u1edbi Thi\u1ec7u"},"content":{"rendered":"<p><div class=\"fusion-fullwidth fullwidth-box fusion-builder-row-1 fusion-flex-container has-pattern-background has-mask-background about1 nonhundred-percent-fullwidth non-hundred-percent-height-scrolling\" style=\"--awb-background-position:right top;--awb-border-radius-top-left:0px;--awb-border-radius-top-right:0px;--awb-border-radius-bottom-right:0px;--awb-border-radius-bottom-left:0px;\" ><div class=\"fusion-builder-row fusion-row fusion-flex-align-items-flex-start\" style=\"max-width:1040px;margin-left: calc(-4% \/ 2 );margin-right: calc(-4% \/ 2 );\"><div class=\"fusion-layout-column fusion_builder_column fusion-builder-column-0 fusion_builder_column_1_3 1_3 fusion-flex-column\" style=\"--awb-bg-size:cover;--awb-width-large:33.333333333333%;--awb-margin-top-large:0px;--awb-spacing-right-large:5.76%;--awb-margin-bottom-large:20px;--awb-spacing-left-large:5.76%;--awb-width-medium:33.333333333333%;--awb-order-medium:0;--awb-spacing-right-medium:5.76%;--awb-spacing-left-medium:5.76%;--awb-width-small:100%;--awb-order-small:0;--awb-spacing-right-small:1.92%;--awb-spacing-left-small:1.92%;\"><div class=\"fusion-column-wrapper fusion-column-has-shadow fusion-flex-justify-content-flex-start fusion-content-layout-column\"><div class=\"fusion-image-element \" style=\"text-align:center;--awb-liftup-border-radius:0px;--awb-caption-title-size:var(--h2_typography-font-size);--awb-caption-title-transform:var(--h2_typography-text-transform);--awb-caption-title-line-height:var(--h2_typography-line-height);--awb-caption-title-letter-spacing:var(--h2_typography-letter-spacing);\"><div class=\"awb-image-frame awb-image-frame-1 imageframe-liftup\"><span class=\" fusion-imageframe imageframe-none imageframe-1\"><img decoding=\"async\" width=\"472\" height=\"708\" title=\"about1-1\" src=\"https:\/\/ioles.org\/wp-content\/uploads\/2023\/04\/about1-1.png\" alt class=\"img-responsive wp-image-103\" srcset=\"https:\/\/ioles.org\/wp-content\/uploads\/2023\/04\/about1-1-200x300.png 200w, https:\/\/ioles.org\/wp-content\/uploads\/2023\/04\/about1-1-400x600.png 400w, https:\/\/ioles.org\/wp-content\/uploads\/2023\/04\/about1-1.png 472w\" sizes=\"(max-width: 640px) 100vw, 400px\" \/><\/span><\/div><\/div><\/div><\/div><div class=\"fusion-layout-column fusion_builder_column fusion-builder-column-1 fusion_builder_column_2_3 2_3 fusion-flex-column about1-2\" style=\"--awb-bg-image:url(&#039;https:\/\/ioles.org\/wp-content\/uploads\/2023\/04\/about1-bg-1.png&#039;);--awb-bg-size:cover;--awb-width-large:66.666666666667%;--awb-margin-top-large:0px;--awb-spacing-right-large:2.88%;--awb-margin-bottom-large:20px;--awb-spacing-left-large:0;--awb-width-medium:66.666666666667%;--awb-order-medium:0;--awb-spacing-right-medium:2.88%;--awb-spacing-left-medium:0;--awb-width-small:100%;--awb-order-small:0;--awb-spacing-right-small:1.92%;--awb-spacing-left-small:1.92%;\"><div class=\"fusion-column-wrapper fusion-column-has-shadow fusion-flex-justify-content-flex-start fusion-content-layout-column\" data-bg-url=\"https:\/\/ioles.org\/wp-content\/uploads\/2023\/04\/about1-bg-1.png\"><div class=\"fusion-text fusion-text-1 about1-title1\" style=\"--awb-content-alignment:left;\"><p>Cu\u1ed9c \u0111\u1eddi<br \/>\nc\u1ee7a S\u01b0 T\u1ed5<\/p>\n<\/div><div class=\"fusion-text fusion-text-2 about1-text\"><p>S\u01b0 T\u1ed5 \u0110\u1ea1t Hy L\u1ea1c, N\u1ea1p L\u1ea1c \u0110\u1ea1t. Ng\u00e0i l\u00e0 v\u1ecb sang t\u1ea1o ra ph\u00e1p m\u00f4n n\u00e0y sanh v\u00e0o ng\u00e0y 24 th\u00e1ng 10 n\u0103m 1846, t\u1ea1i Colombo Sri Lanka.<\/p>\n<p>Cha c\u1ee7a Ng\u00e0i nhi\u1ec7m ch\u1ee9c ngo\u1ea1i giao quan kh\u00e1 uy t\u00edn, Ng\u00e0i l\u1edbn l\u00ean trong m\u1ed9t gia \u0111\u00ecnh gi\u00e0u c\u00f3. Ng\u00e0i l\u00e0 v\u1ecb con trai duy nh\u1ea5t ch\u1ecbu s\u1ef1 k\u1ef3 v\u1ecdng cao c\u1ee7a gia \u0111\u00ecnh, k\u1ebf th\u1eeba c\u00f4ng \u0103n vi\u1ec7c l\u00e0m kinh doanh c\u1ee7a cha \u0111\u1ec3 duy tr\u00ec m\u1ed9t gia \u0111\u00ecnh t\u1ed1t v\u00e0 uy t\u00edn trong x\u00e3 h\u1ed9i.<\/p>\n<p>L\u00fac c\u00f2n nh\u1ecf \u0111\u01b0\u1ee3c cha m\u1eb9 nu\u00f4i n\u1ea5ng cho \u0103n h\u1ecdc, Ng\u00e0i \u0111\u00e3 \u0111\u1eadu \u0111\u01b0\u1ee3c b\u1eb1ng ti\u1ebfn s\u1ec9 tri\u1ebft h\u1ecdc. Sau khi th\u00e2n ph\u1ee5 qua \u0111\u1eddi, Ng\u00e0i tu\u00e2n theo \u00fd mu\u1ed1n c\u1ee7a cha m\u1eb9 ti\u1ebfp t\u1ee5c ngh\u1ec1 nghi\u1ec7p ngo\u1ea1i giao c\u1ee7a cha, nghi\u00eam t\u00fac v\u00e0 tr\u00e1ch nhi\u1ec7m th\u1ef1c hi\u1ec7n t\u1ed1t c\u00f4ng vi\u1ec7c kh\u1eb3ng \u0111\u1ecbnh v\u00e0 \u0111\u01b0\u1ee3c t\u00f4n tr\u1ecdng trong x\u00e3 h\u1ed9i.<\/p>\n<p>M\u1eb7c d\u00f9 c\u00f3 m\u1ed9t cu\u1ed9c s\u1ed1ng tho\u1ea3i m\u00e1i v\u00e0 sang tr\u1ecdng, Ng\u00e0i v\u1ea9n mu\u1ed1n t\u00ecm con \u0111\u01b0\u1eddng gi\u1ea3i tho\u00e1t. V\u00ec v\u1eady, Ng\u00e0i \u0111\u00e3 b\u1ecf qua danh l\u1ee3i \u0111\u1ec3 tr\u00e1nh xa s\u1ef1 ph\u1ed3n v\u1ecbnh \u0111\u1ea7y m\u00e0u s\u1eafc trong x\u00e3 h\u1ed9i, Ng\u00e0i b\u1eaft \u0111\u1ea7u m\u1ed9t cu\u1ed9c s\u1ed1ng \u0111\u01a1n gi\u00e3n chuy\u1ec3n ch\u1ee7 h\u01b0\u1edbng v\u1ec1 n\u1ed9i t\u00e2m t\u00ecm hi\u1ec3u v\u00e0 kh\u00e1m ph\u00e1.<\/p>\n<p>Sau h\u01a1n 18 n\u0103m Ng\u00e0i gi\u00e1c ng\u1ed9 ra v\u00e0 t\u1ef1 luy\u1ec7n t\u1eadp cho m\u1ed9t ph\u01b0\u01a1ng ph\u00e1p Thi\u1ec1n \u0110\u1ecbnh M\u1edf Lu\u00e2n xa cho ch\u00ednh m\u00ecnh, nh\u1eadn \u0111\u01b0\u1ee3c ngu\u1ed3n n\u0103ng l\u1ef1c v\u0169 tr\u1ee5 t\u01b0\u01a1ng t\u00e1c v\u1edbi thi\u00ean nhi\u00ean, th\u00edch h\u1ee3p trong c\u00e1c thay \u0111\u1ed5i giao d\u1ecbch h\u1ea5p thu t\u1eebng n\u0103ng l\u01b0\u1ee3ng v\u0169 tr\u1ee5 quy lu\u1eadt h\u00e0i h\u00f2a \u0111\u1ec3 h\u00f3a b\u1ec7nh t\u1eadt.<\/p>\n<p>Nh\u1eadp \u0110\u1ecbnh Thi\u1ec1n Tu \u201cThi\u00ean h\u1ecdc\u201d l\u00e0 m\u00f4n nghi\u00eam c\u1ee9u chuy\u00ean s\u00e2u v\u1ec1 nh\u00e2n v\u0103n, Tri\u1ebft H\u1ecdc, Ngh\u1ec7 Thu\u1eadt, To\u00e1n H\u1ecdc, Y H\u1ecdc, v.. m\u00e0 c\u0169ng l\u00e0 ch\u00eca kh\u00f3a m\u1edf c\u1eeda kh\u00e1m ph\u00e1 c\u1ed9i ngu\u1ed3n tr\u00ed tu\u1ec7 nguy\u00ean th\u1ee7y c\u1ee7a Nh\u01b0 Lai.<\/p>\n<p>Truy\u1ec1n d\u1ea1y r\u1ed9ng r\u00e3i cho ng\u01b0\u1eddi h\u1eefu duy\u00ean v\u00e0 l\u01b0u truy\u1ec1n \u0111\u1ebfn ng\u00e0y\u00a0nay.<\/p>\n<\/div><\/div><\/div><\/div><\/div><div class=\"fusion-fullwidth fullwidth-box fusion-builder-row-2 fusion-flex-container has-pattern-background has-mask-background fusion-parallax-none about2 nonhundred-percent-fullwidth non-hundred-percent-height-scrolling\" style=\"--awb-background-position:center top;--awb-border-radius-top-left:0px;--awb-border-radius-top-right:0px;--awb-border-radius-bottom-right:0px;--awb-border-radius-bottom-left:0px;--awb-background-image:url(&quot;https:\/\/ioles.org\/wp-content\/uploads\/2023\/04\/about2-bg.png&quot;);--awb-background-size:cover;\" ><div class=\"fusion-builder-row fusion-row fusion-flex-align-items-center fusion-flex-justify-content-center\" style=\"max-width:1040px;margin-left: calc(-4% \/ 2 );margin-right: calc(-4% \/ 2 );\"><div class=\"fusion-layout-column fusion_builder_column fusion-builder-column-2 fusion_builder_column_2_5 2_5 fusion-flex-column\" style=\"--awb-bg-size:cover;--awb-width-large:40%;--awb-margin-top-large:0px;--awb-spacing-right-large:4.8%;--awb-margin-bottom-large:20px;--awb-spacing-left-large:4.8%;--awb-width-medium:40%;--awb-order-medium:0;--awb-spacing-right-medium:4.8%;--awb-spacing-left-medium:4.8%;--awb-width-small:100%;--awb-order-small:0;--awb-spacing-right-small:1.92%;--awb-spacing-left-small:1.92%;\"><div class=\"fusion-column-wrapper fusion-column-has-shadow fusion-flex-justify-content-flex-end fusion-content-layout-row\"><div class=\"fusion-text fusion-text-3 about2-text1\"><ol class=\"about2-list1\">\n<li>Ghi \u01a1n \u0110\u1ee9c S\u01b0 T\u1ed5<\/li>\n<li>Xin \u0111\u1ebfn \u0111\u00fang gi\u1edd<\/li>\n<li>V\u1edbi l\u00f2ng ch\u00e2n th\u00e0nh<\/li>\n<li>Kh\u00f4ng ph\u00e2n bi\u1ec7t t\u00f4n gi\u00e1o<\/li>\n<\/ol>\n<\/div><\/div><\/div><div class=\"fusion-layout-column fusion_builder_column fusion-builder-column-3 fusion_builder_column_1_5 1_5 fusion-flex-column\" style=\"--awb-bg-size:cover;--awb-width-large:20%;--awb-margin-top-large:0px;--awb-spacing-right-large:9.6%;--awb-margin-bottom-large:20px;--awb-spacing-left-large:9.6%;--awb-width-medium:20%;--awb-order-medium:0;--awb-spacing-right-medium:9.6%;--awb-spacing-left-medium:9.6%;--awb-width-small:100%;--awb-order-small:0;--awb-spacing-right-small:1.92%;--awb-spacing-left-small:1.92%;\"><div class=\"fusion-column-wrapper fusion-column-has-shadow fusion-flex-justify-content-flex-start fusion-content-layout-column\"><div class=\"fusion-image-element \" style=\"text-align:center;--awb-liftup-border-radius:0px;--awb-caption-title-size:var(--h2_typography-font-size);--awb-caption-title-transform:var(--h2_typography-text-transform);--awb-caption-title-line-height:var(--h2_typography-line-height);--awb-caption-title-letter-spacing:var(--h2_typography-letter-spacing);\"><div class=\"awb-image-frame awb-image-frame-2 imageframe-liftup\"><span class=\" fusion-imageframe imageframe-none imageframe-2\"><img decoding=\"async\" width=\"259\" height=\"193\" title=\"123\" src=\"https:\/\/ioles.org\/wp-content\/uploads\/2023\/04\/123.png\" alt class=\"img-responsive wp-image-185\" srcset=\"https:\/\/ioles.org\/wp-content\/uploads\/2023\/04\/123-200x149.png 200w, https:\/\/ioles.org\/wp-content\/uploads\/2023\/04\/123.png 259w\" sizes=\"(max-width: 640px) 100vw, 200px\" \/><\/span><\/div><\/div><\/div><\/div><div class=\"fusion-layout-column fusion_builder_column fusion-builder-column-4 fusion_builder_column_2_5 2_5 fusion-flex-column\" style=\"--awb-bg-size:cover;--awb-width-large:40%;--awb-margin-top-large:0px;--awb-spacing-right-large:4.8%;--awb-margin-bottom-large:20px;--awb-spacing-left-large:4.8%;--awb-width-medium:40%;--awb-order-medium:0;--awb-spacing-right-medium:4.8%;--awb-spacing-left-medium:4.8%;--awb-width-small:100%;--awb-order-small:0;--awb-spacing-right-small:1.92%;--awb-spacing-left-small:1.92%;\"><div class=\"fusion-column-wrapper fusion-column-has-shadow fusion-flex-justify-content-flex-start fusion-content-layout-row\"><div class=\"fusion-text fusion-text-4 about2-text1\"><ol class=\"about2-list1\" start=\"5\">\n<li>T\u1eaft v\u00e0 c\u1ea5t \u0111i \u0111i\u1ec7n tho\u1ea1i di \u0111\u1ed9ng<\/li>\n<li>Kh\u00f4ng l\u00e0m bu\u00f4n b\u00e1n trong Thi\u1ec1n \u0110\u01b0\u1eddng<\/li>\n<li>Kh\u00f4ng b\u00e0n lu\u1eadn ch\u00ednh tr\u1ecb<\/li>\n<li>Lu\u00f4n lu\u00f4n gi\u1eef y\u00ean l\u1eb7ng trong Thi\u1ec1n \u0110\u01b0\u1eddng<\/li>\n<\/ol>\n<\/div><\/div><\/div><div class=\"fusion-layout-column fusion_builder_column fusion-builder-column-5 fusion_builder_column_1_1 1_1 fusion-flex-column about2-4\" style=\"--awb-bg-size:cover;--awb-width-large:100%;--awb-margin-top-large:0px;--awb-spacing-right-large:1.92%;--awb-margin-bottom-large:20px;--awb-spacing-left-large:1.92%;--awb-width-medium:100%;--awb-order-medium:0;--awb-spacing-right-medium:1.92%;--awb-spacing-left-medium:1.92%;--awb-width-small:100%;--awb-order-small:0;--awb-spacing-right-small:1.92%;--awb-spacing-left-small:1.92%;\"><div class=\"fusion-column-wrapper fusion-column-has-shadow fusion-flex-justify-content-flex-start fusion-content-layout-column\"><div class=\"fusion-image-element \" style=\"text-align:center;--awb-liftup-border-radius:0px;--awb-caption-title-size:var(--h2_typography-font-size);--awb-caption-title-transform:var(--h2_typography-text-transform);--awb-caption-title-line-height:var(--h2_typography-line-height);--awb-caption-title-letter-spacing:var(--h2_typography-letter-spacing);\"><div class=\"awb-image-frame awb-image-frame-3 imageframe-liftup\"><span class=\" fusion-imageframe imageframe-none imageframe-3\"><img decoding=\"async\" width=\"734\" height=\"304\" title=\"about2-3\" src=\"https:\/\/ioles.org\/wp-content\/uploads\/2023\/04\/about2-3.png\" alt class=\"img-responsive wp-image-115\" srcset=\"https:\/\/ioles.org\/wp-content\/uploads\/2023\/04\/about2-3-200x83.png 200w, https:\/\/ioles.org\/wp-content\/uploads\/2023\/04\/about2-3-400x166.png 400w, https:\/\/ioles.org\/wp-content\/uploads\/2023\/04\/about2-3-600x249.png 600w, https:\/\/ioles.org\/wp-content\/uploads\/2023\/04\/about2-3.png 734w\" sizes=\"(max-width: 640px) 100vw, 734px\" \/><\/span><\/div><\/div><\/div><\/div><\/div><\/div><div class=\"fusion-fullwidth fullwidth-box fusion-builder-row-3 fusion-flex-container has-pattern-background has-mask-background about3 nonhundred-percent-fullwidth non-hundred-percent-height-scrolling\" style=\"--awb-border-radius-top-left:0px;--awb-border-radius-top-right:0px;--awb-border-radius-bottom-right:0px;--awb-border-radius-bottom-left:0px;\" ><div class=\"fusion-builder-row fusion-row fusion-flex-align-items-flex-start fusion-flex-justify-content-center\" style=\"max-width:1040px;margin-left: calc(-4% \/ 2 );margin-right: calc(-4% \/ 2 );\"><div class=\"fusion-layout-column fusion_builder_column fusion-builder-column-6 fusion_builder_column_1_3 1_3 fusion-flex-column\" style=\"--awb-bg-size:cover;--awb-width-large:33.333333333333%;--awb-margin-top-large:0px;--awb-spacing-right-large:5.76%;--awb-margin-bottom-large:20px;--awb-spacing-left-large:5.76%;--awb-width-medium:33.333333333333%;--awb-order-medium:0;--awb-spacing-right-medium:5.76%;--awb-spacing-left-medium:5.76%;--awb-width-small:100%;--awb-order-small:0;--awb-spacing-right-small:1.92%;--awb-spacing-left-small:1.92%;\"><div class=\"fusion-column-wrapper fusion-column-has-shadow fusion-flex-justify-content-flex-end fusion-content-layout-row\"><div class=\"fusion-text fusion-text-5 about3-title1\" style=\"--awb-content-alignment:left;\"><p>Quy \u0111\u1ecbnh<br \/>\nv\u1ec1 c\u00e1ch<br \/>\n\u0103n m\u1eb7c<\/p>\n<\/div><div class=\"fusion-text fusion-text-6 about2-text1\"><ul class=\"about2-list1\">\n<li>\u0102n m\u1eb7c ch\u1ec9nh t\u1ec1, tr\u00e1nh m\u1eb7c c\u00e1c ki\u1ec3u \u00e1o k\u1ef3 d\u1ecb<\/li>\n<li>Ph\u00e1i nam: Kh\u00f4ng m\u1eb7c qu\u1ea7n s\u1ecdt<\/li>\n<li>Ph\u00e1i n\u1eef: Kh\u00f4ng m\u1eb7c qu\u1ea7n s\u1ecdt ho\u1eb7c v\u00e1y ng\u1eafn<\/li>\n<\/ul>\n<\/div><\/div><\/div><div class=\"fusion-layout-column fusion_builder_column fusion-builder-column-7 fusion_builder_column_1_3 1_3 fusion-flex-column\" style=\"--awb-bg-size:cover;--awb-width-large:33.333333333333%;--awb-margin-top-large:0px;--awb-spacing-right-large:5.76%;--awb-margin-bottom-large:20px;--awb-spacing-left-large:5.76%;--awb-width-medium:33.333333333333%;--awb-order-medium:0;--awb-spacing-right-medium:5.76%;--awb-spacing-left-medium:5.76%;--awb-width-small:100%;--awb-order-small:0;--awb-spacing-right-small:1.92%;--awb-spacing-left-small:1.92%;\"><div class=\"fusion-column-wrapper fusion-column-has-shadow fusion-flex-justify-content-flex-start fusion-content-layout-row\"><div class=\"fusion-text fusion-text-7 about3-title2\" style=\"--awb-content-alignment:left;\"><p>Va\u00ec \u0111i\u1ec1u ghi<br \/>\nnh\u1edb khi<br \/>\nng\u1ed3i thi\u1ec1n<\/p>\n<\/div><div class=\"fusion-text fusion-text-8 about2-text1\"><p>N\u00ean thi\u1ec1n h\u00e0ng ng\u00e0y \u00edt nh\u1ea5t 30 ph\u00fat.<br \/>\nCh\u00fa \u00fd: M\u00f4n sinh c\u1ea5p d\u01b0\u1edbi kh\u00f4ng \u0111\u01b0\u1ee3c truy\u1ec1n n\u0103ng l\u01b0\u1ee3ng cho m\u00f4n sinh c\u1ea5p cao.<\/p>\n<\/div><\/div><\/div><\/div><\/div><\/p>\n","protected":false},"excerpt":{"rendered":"","protected":false},"author":1,"featured_media":0,"parent":0,"menu_order":0,"comment_status":"closed","ping_status":"closed","template":"100-width.php","meta":{"footnotes":""},"class_list":["post-172","page","type-page","status-publish","hentry"],"_links":{"self":[{"href":"https:\/\/ioles.org\/vi\/wp-json\/wp\/v2\/pages\/172","targetHints":{"allow":["GET"]}}],"collection":[{"href":"https:\/\/ioles.org\/vi\/wp-json\/wp\/v2\/pages"}],"about":[{"href":"https:\/\/ioles.org\/vi\/wp-json\/wp\/v2\/types\/page"}],"author":[{"embeddable":true,"href":"https:\/\/ioles.org\/vi\/wp-json\/wp\/v2\/users\/1"}],"replies":[{"embeddable":true,"href":"https:\/\/ioles.org\/vi\/wp-json\/wp\/v2\/comments?post=172"}],"version-history":[{"count":18,"href":"https:\/\/ioles.org\/vi\/wp-json\/wp\/v2\/pages\/172\/revisions"}],"predecessor-version":[{"id":599,"href":"https:\/\/ioles.org\/vi\/wp-json\/wp\/v2\/pages\/172\/revisions\/599"}],"wp:attachment":[{"href":"https:\/\/ioles.org\/vi\/wp-json\/wp\/v2\/media?parent=172"}],"curies":[{"name":"wp","href":"https:\/\/api.w.org\/{rel}","templated":true}]}}